{"id":18,"date":"2021-02-12T21:26:04","date_gmt":"2021-02-12T21:26:04","guid":{"rendered":"https:\/\/www.r2ics.org\/front\/about\/"},"modified":"2021-05-04T18:11:55","modified_gmt":"2021-05-04T23:11:55","slug":"about","status":"publish","type":"page","link":"https:\/\/www.r2ics.org\/front\/about\/","title":{"rendered":"About"},"content":{"rendered":"\n\nSobre nosotros\n\n\n\n\n\n\n\n\n\n\n\n\n\n\n\n\n\nObjetivo\n\n<p><span lang=\"ES\" style=\"font-size:11.0pt;line-height:\n115%;font-family:&quot;Arial&quot;,sans-serif;mso-fareast-font-family:Calibri;mso-ansi-language:\nES;mso-fareast-language:EN-US;mso-bidi-language:AR-SA\">Promover el desarrollo\nde las Redes Acad\u00e9micas Nacionales e Internacionales de Educaci\u00f3n e\nInvestigaci\u00f3n a nivel internacional integrando la gesti\u00f3n de an\u00e1lisis,\nestudios, propuestas, proyectos y soluciones estrat\u00e9gicas sobre diferentes\n\u00e1mbitos cient\u00edficos<\/span><br><\/p>\n\n\n\n\n\n\n\n<p>La red<\/p>\n<p>Int\u00e9grese a la investigaci\u00f3n a trav\u00e9s de nuestros miembros honorarios<\/p>\n&#8211; R2ICS\n\n\n\n\nNuestro equipo\n\n\n\n<p>Lorem Ipsum has been the industry&#8217;s standard dummy text ever since the 1500s.<\/p>\n<h2>Esteban Revelo<\/h2>\n<h5>Presidente | ECU<\/h5>\n\n\n<p>Lorem Ipsum has been the industry&#8217;s standard dummy text ever since the 1500s.<\/p>\n<h2>Anita Mata<\/h2>\n<h5>Secretario | ECU<\/h5>\n\n\n\n<h2>Richard Villacorta<\/h2>\n<h5>Consejo acad\u00e9mico | BOL<\/h5>\n\n\n\n<h2>Jos\u00e9 Soliz<\/h2>\n<h5>Consejo administrativo | BOL<\/h5>\n\n\n\n\n\n<h2>Elvira Mart\u00edn<\/h2>\n<h5>Comit\u00e9 de comunicaci\u00f3n y publicaciones | ARG<\/h5>\n\n\n\n<h2>Ver\u00f3nica Mollo<\/h2>\n<h5>Comit\u00e9 t\u00e9cnico | BOL<\/h5>\n\n\n\n\n\n<h2>Mar\u00eda Popiuc<\/h2>\n<h5>Coordinadora comit\u00e9 honorario | ESP<\/h5>\n\n\n\n\n\n<h2>Virginia Gonfiantini<\/h2>\n<h5>Miembro honorario | ARG<\/h5>\n\n\n\n<h2>Roberto Rivera<\/h2>\n<h5>Miembro honorario | MEX<\/h5>\n\n\n\n<h2>Carlos Maldonado<\/h2>\n<h5>Miembro honorario | COL<\/h5>\n\n\n\n\n\n<h2>Leonardo Rodriguez<\/h2>\n<h5>Miembro honorario | ARG<\/h5>\n\n\n\n<h2>Ivonne Martinez<\/h2>\n<h5>Miembro honorario | BOL<\/h5>\n\n\n\n<h2>Ver\u00f3nica Nava<\/h2>\n<h5>Miembro honorario | MEX<\/h5>\n\n\n\n\n\n<h2>Juan Jos\u00e9 Gilli<\/h2>\n<h5>Miembro honorario | ARG<\/h5>\n\n\n\n\n\n\n<p>R2ICS en cifras<\/p>\n\n\n\n\n\n\n\n\n\n\n\n\n\n\n\n\n\n","protected":false},"excerpt":{"rendered":"","protected":false},"author":0,"featured_media":0,"parent":0,"menu_order":0,"comment_status":"closed","ping_status":"closed","template":"","meta":{"footnotes":""},"class_list":["post-18","page","type-page","status-publish","hentry"],"_links":{"self":[{"href":"https:\/\/www.r2ics.org\/front\/wp-json\/wp\/v2\/pages\/18","targetHints":{"allow":["GET"]}}],"collection":[{"href":"https:\/\/www.r2ics.org\/front\/wp-json\/wp\/v2\/pages"}],"about":[{"href":"https:\/\/www.r2ics.org\/front\/wp-json\/wp\/v2\/types\/page"}],"replies":[{"embeddable":true,"href":"https:\/\/www.r2ics.org\/front\/wp-json\/wp\/v2\/comments?post=18"}],"version-history":[{"count":35,"href":"https:\/\/www.r2ics.org\/front\/wp-json\/wp\/v2\/pages\/18\/revisions"}],"predecessor-version":[{"id":263,"href":"https:\/\/www.r2ics.org\/front\/wp-json\/wp\/v2\/pages\/18\/revisions\/263"}],"wp:attachment":[{"href":"https:\/\/www.r2ics.org\/front\/wp-json\/wp\/v2\/media?parent=18"}],"curies":[{"name":"wp","href":"https:\/\/api.w.org\/{rel}","templated":true}]}}